{"id":844,"date":"2024-05-30T18:02:53","date_gmt":"2024-05-30T22:02:53","guid":{"rendered":"https:\/\/pcinsulation.com\/carrieres\/"},"modified":"2024-12-10T10:50:39","modified_gmt":"2024-12-10T15:50:39","slug":"carrieres","status":"publish","type":"page","link":"https:\/\/pcinsulation.com\/fr\/carrieres\/","title":{"rendered":"Carri\u00e8res"},"content":{"rendered":"\n<h2 class=\"wp-block-heading\"><p>Joignez notre \u00e9quipe<\/p><\/h2>\n\n<p>\u00cates-vous pr\u00eat pour une carri\u00e8re enrichissante\u2009? Nous recherchons des personnes dynamiques et fiables qui aiment les d\u00e9fis et sont d\u00e9sireuses de d\u00e9velopper leurs comp\u00e9tences chaque jour. D\u00e9couvrez nos offres d\u2019emploi\u00a0:<\/p>\n\n<ul class=\"wp-block-list\">\n<li> Applicateur de mousse isolante<\/li>\n\n\n\n<li>Associ\u00e9 aux ventes<\/li>\n\n\n\n<li> Installateur de panneaux d\u2019isolation<\/li>\n\n\n\n<li>Installateur d\u2019isolation souffl\u00e9e<\/li>\n<\/ul>\n\n<p><p>Pour plus de d\u00e9tails sur ces postes et notre statut actuel en mati\u00e8re de recrutement, appelez-nous au 613-487-2229. Si vous avez les qualifications pertinentes ou si vous recherchez une premi\u00e8re exp\u00e9rience professionnelle, remplissez le formulaire de candidature ci-dessous. Vous pouvez \u00e9galement faxer votre CV au 613-487-3777 ou l\u2019envoyer par courriel \u00e0 <a title=\"\" href=\"mailto:estimate@pcinsulation.com\">estimate@pcinsulation.com<\/a>. Joignez-nous et embarquez dans une carri\u00e8re \u00e9panouissante\u2009!<\/p><\/p>\n<style id=\"wpforms-css-vars-346-block-4a6373d4-742b-463e-b306-9ab0fc925e8d\">\n\t\t\t\t#wpforms-346.wpforms-block-4a6373d4-742b-463e-b306-9ab0fc925e8d {\n\t\t\t\t--wpforms-label-color: #383c39;\n--wpforms-label-sublabel-color: #707971;\n--wpforms-label-error-color: #d63636;\n--wpforms-page-break-color: #58bb5d;\n--wpforms-field-border-color: #c6cbc6;\n--wpforms-field-border-color-spare: #c6cbc6;\n--wpforms-field-text-color: #383c39;\n--wpforms-container-border-radius: 0px;\n--wpforms-button-background-color: #80af34;\n--wpforms-button-border-color: #58bb5d;\n--wpforms-field-size-input-height: 50px;\n--wpforms-field-size-input-spacing: 20px;\n--wpforms-field-size-font-size: 18px;\n--wpforms-field-size-line-height: 21px;\n--wpforms-field-size-padding-h: 14px;\n--wpforms-field-size-checkbox-size: 18px;\n--wpforms-field-size-sublabel-spacing: 10px;\n--wpforms-field-size-icon-size: 1.25;\n--wpforms-label-size-font-size: 16px;\n--wpforms-label-size-line-height: 19px;\n--wpforms-label-size-sublabel-font-size: 14px;\n--wpforms-label-size-sublabel-line-height: 17px;\n--wpforms-button-size-font-size: 20px;\n--wpforms-button-size-height: 48px;\n--wpforms-button-size-padding-h: 20px;\n--wpforms-button-size-margin-top: 15px;\n--wpforms-container-shadow-size-box-shadow: none;\n\t\t\t}\n\t\t\t<\/style><div class=\"wpforms-container wpforms-container-full wpforms-block wpforms-block-4a6373d4-742b-463e-b306-9ab0fc925e8d wpforms-render-modern\" id=\"wpforms-346\"><form id=\"wpforms-form-346\" class=\"wpforms-validate wpforms-form wpforms-ajax-form\" data-formid=\"346\" method=\"post\" enctype=\"multipart\/form-data\" action=\"\/fr\/wp-json\/wp\/v2\/pages\/844?wpforms_form_id=346\" data-token=\"ab31049763948248b7b9f829433fbefb\" data-token-time=\"1777469671\"><noscript class=\"wpforms-error-noscript\">Veuillez activer JavaScript dans votre navigateur pour remplir ce formulaire.<\/noscript><div id=\"wpforms-error-noscript\" style=\"display: none;\">Veuillez activer JavaScript dans votre navigateur pour remplir ce formulaire.<\/div><div class=\"wpforms-field-container\"><div id=\"wpforms-346-field_1-container\" class=\"wpforms-field wpforms-field-divider\" data-field-id=\"1\"><h3 id=\"wpforms-346-field_1\" aria-errormessage=\"wpforms-346-field_1-error\">Remplir une demande d\u2019emploi<\/h3><\/div><div id=\"wpforms-346-field_2-container\" class=\"wpforms-field wpforms-field-layout\" data-field-id=\"2\"><div class=\"wpforms-field-layout-columns wpforms-field-layout-preset-50-50\"><div class=\"wpforms-layout-column wpforms-layout-column-50\" ><div id=\"wpforms-346-field_3-container\" class=\"wpforms-field wpforms-field-name\" data-field-id=\"3\"><fieldset><legend class=\"wpforms-field-label\">Nom complet <span class=\"wpforms-required-label\" aria-hidden=\"true\">*<\/span><\/legend><div class=\"wpforms-field-row wpforms-field-medium\"><div class=\"wpforms-field-row-block wpforms-first wpforms-one-half\"><input type=\"text\" id=\"wpforms-346-field_3\" class=\"wpforms-field-name-first wpforms-field-required\" name=\"wpforms[fields][3][first]\" aria-errormessage=\"wpforms-346-field_3-error\" required><label for=\"wpforms-346-field_3\" class=\"wpforms-field-sublabel after\">First<\/label><\/div><div class=\"wpforms-field-row-block wpforms-one-half\"><input type=\"text\" id=\"wpforms-346-field_3-last\" class=\"wpforms-field-name-last wpforms-field-required\" name=\"wpforms[fields][3][last]\" aria-errormessage=\"wpforms-346-field_3-last-error\" required><label for=\"wpforms-346-field_3-last\" class=\"wpforms-field-sublabel after\">Last<\/label><\/div><\/div><\/fieldset><\/div><div id=\"wpforms-346-field_6-container\" class=\"wpforms-field wpforms-field-email\" data-field-id=\"6\"><label class=\"wpforms-field-label\" for=\"wpforms-346-field_6\">Courriel <span class=\"wpforms-required-label\" aria-hidden=\"true\">*<\/span><\/label><input type=\"email\" id=\"wpforms-346-field_6\" class=\"wpforms-field-medium wpforms-field-required\" name=\"wpforms[fields][6]\" spellcheck=\"false\" aria-errormessage=\"wpforms-346-field_6-error\" required><\/div><div id=\"wpforms-346-field_51-container\" class=\"wpforms-field wpforms-field-number-slider\" data-field-id=\"51\"><label class=\"wpforms-field-label\" for=\"wpforms-346-field_51\">Exp\u00e9rience<\/label>\n<input\n\ttype=\"range\"\n\tid=\"wpforms-346-field_51\" class=\"wpforms-field-medium\" name=\"wpforms[fields][51]\" value=\"0\" aria-errormessage=\"wpforms-346-field_51-error\"\t\tmin=\"0\"\n\tmax=\"25\"\n\tstep=\"1\">\n\n<div class=\"wpforms-field-number-slider-hint\"\n\tdata-hint=\"Valeur s\u00e9lectionn\u00e9e : {value} ann\u00e9es\">\n\tValeur s\u00e9lectionn\u00e9e : <b>0<\/b> ann\u00e9es<\/div>\n<\/div><div id=\"wpforms-346-field_52-container\" class=\"wpforms-field wpforms-field-select wpforms-field-select-style-modern\" data-field-id=\"52\"><label class=\"wpforms-field-label\" for=\"wpforms-346-field_52\">Poste pour lequel vous postulez :<\/label><select id=\"wpforms-346-field_52\" class=\"wpforms-field-medium choicesjs-select\" data-size-class=\"wpforms-field-row wpforms-field-medium\" data-search-enabled=\"\" name=\"wpforms[fields][52]\"><option value=\"\" class=\"placeholder\" disabled  selected='selected'><\/option><option value=\"Repr\u00e9sentant.e des ventes\"  class=\"choice-4 depth-1\"  >Repr\u00e9sentant.e des ventes<\/option><option value=\"Applicateur de mousse isolante\"  class=\"choice-5 depth-1\"  >Applicateur de mousse isolante<\/option><option value=\"lnstallateur\/Installatrice de panneaux d\u2019isolation\"  class=\"choice-6 depth-1\"  >lnstallateur\/Installatrice de panneaux d\u2019isolation<\/option><option value=\"Installateur d&#039;isolation souffl\u00e9e\"  class=\"choice-7 depth-1\"  >Installateur d'isolation souffl\u00e9e<\/option><option value=\"Autre\"  class=\"choice-8 depth-1\"  >Autre<\/option><\/select><\/div><\/div><div class=\"wpforms-layout-column wpforms-layout-column-50\" ><div id=\"wpforms-346-field_5-container\" class=\"wpforms-field wpforms-field-phone\" data-field-id=\"5\"><label class=\"wpforms-field-label\" for=\"wpforms-346-field_5\">Num\u00e9ro de contact <span class=\"wpforms-required-label\" aria-hidden=\"true\">*<\/span><\/label><input type=\"tel\" id=\"wpforms-346-field_5\" class=\"wpforms-field-medium wpforms-field-required wpforms-smart-phone-field\" data-rule-smart-phone-field=\"true\" name=\"wpforms[fields][5]\" aria-label=\"Num\u00e9ro de contact\" aria-errormessage=\"wpforms-346-field_5-error\" required><\/div><div id=\"wpforms-346-field_50-container\" class=\"wpforms-field wpforms-field-phone\" data-field-id=\"50\"><label class=\"wpforms-field-label\" for=\"wpforms-346-field_50\">Autre num\u00e9ro de contact<\/label><input type=\"tel\" id=\"wpforms-346-field_50\" class=\"wpforms-field-medium wpforms-smart-phone-field\" data-rule-smart-phone-field=\"true\" name=\"wpforms[fields][50]\" aria-label=\"Autre num\u00e9ro de contact\" aria-errormessage=\"wpforms-346-field_50-error\" ><\/div><\/div><\/div><\/div>\t\t<div id=\"wpforms-346-field_4-container\"\n\t\t\tclass=\"wpforms-field wpforms-field-text\"\n\t\t\tdata-field-type=\"text\"\n\t\t\tdata-field-id=\"4\"\n\t\t\t>\n\t\t\t<label class=\"wpforms-field-label\" for=\"wpforms-346-field_4\" >Informations demande d\u2019emploi<\/label>\n\t\t\t<input type=\"text\" id=\"wpforms-346-field_4\" class=\"wpforms-field-medium\" name=\"wpforms[fields][4]\" >\n\t\t<\/div>\n\t\t<div id=\"wpforms-346-field_16-container\" class=\"wpforms-field wpforms-field-textarea\" data-field-id=\"16\"><label class=\"wpforms-field-label\" for=\"wpforms-346-field_16\">Veuillez pr\u00e9ciser toute qualification suppl\u00e9mentaire.<\/label><textarea id=\"wpforms-346-field_16\" class=\"wpforms-field-medium\" name=\"wpforms[fields][16]\" aria-errormessage=\"wpforms-346-field_16-error\" ><\/textarea><\/div><div id=\"wpforms-346-field_48-container\" class=\"wpforms-field wpforms-field-layout\" data-field-id=\"48\"><div class=\"wpforms-field-layout-columns wpforms-field-layout-preset-50-50\"><div class=\"wpforms-layout-column wpforms-layout-column-50\" ><div id=\"wpforms-346-field_17-container\" class=\"wpforms-field wpforms-field-file-upload\" data-field-id=\"17\"><label class=\"wpforms-field-label\" for=\"wpforms-346-field_17\">Joignez votre CV <span class=\"wpforms-required-label\" aria-hidden=\"true\">*<\/span><\/label><div\n\t\tclass=\"wpforms-uploader wpforms-field-required\"\n\t\tdata-field-id=\"17\"\n\t\tdata-form-id=\"346\"\n\t\tdata-input-name=\"wpforms_346_17\"\n\t\tdata-extensions=\"pdf,doc,docx\"\n\t\tdata-max-size=\"6291456\"\n\t\tdata-max-file-number=\"1\"\n\t\tdata-post-max-size=\"1073741824\"\n\t\tdata-max-parallel-uploads=\"4\"\n\t\tdata-parallel-uploads=\"true\"\n\t\tdata-file-chunk-size=\"2097152\">\n\t<div class=\"dz-message\">\n\t\t<svg  viewBox=\"0 0 640 640\" focusable=\"false\" data-icon=\"inbox\" width=\"50px\" height=\"50px\" fill=\"currentColor\" aria-hidden=\"true\">\n\t\t\t<path d=\"M352 173.3L352 384C352 401.7 337.7 416 320 416C302.3 416 288 401.7 288 384L288 173.3L246.6 214.7C234.1 227.2 213.8 227.2 201.3 214.7C188.8 202.2 188.8 181.9 201.3 169.4L297.3 73.4C309.8 60.9 330.1 60.9 342.6 73.4L438.6 169.4C451.1 181.9 451.1 202.2 438.6 214.7C426.1 227.2 405.8 227.2 393.3 214.7L352 173.3zM320 464C364.2 464 400 428.2 400 384L480 384C515.3 384 544 412.7 544 448L544 480C544 515.3 515.3 544 480 544L160 544C124.7 544 96 515.3 96 480L96 448C96 412.7 124.7 384 160 384L240 384C240 428.2 275.8 464 320 464zM464 488C477.3 488 488 477.3 488 464C488 450.7 477.3 440 464 440C450.7 440 440 450.7 440 464C440 477.3 450.7 488 464 488z\"\/>\n\t\t<\/svg>\n\n\t\t<span class=\"modern-title\">\n\t\t\t\t\t\t\tDrag &amp; Drop Files, \t\t\t\t<span>Choose Files to Upload<\/span>\n\t\t\t\t\t<\/span>\n\n\t\t\t<\/div>\n<\/div>\n\n<input\n\t\ttype=\"text\"\n\t\tautocomplete=\"off\"\n\t\treadonly\n\t\tclass=\"dropzone-input\"\n\t\tstyle=\"position:absolute!important;clip:rect(0,0,0,0)!important;height:1px!important;width:1px!important;border:0!important;overflow:hidden!important;padding:0!important;margin:0!important;\"\n\t\tid=\"wpforms-346-field_17\"\n\t\tname=\"wpforms_346_17\" required\t\tvalue=\"\">\n<\/div><\/div><div class=\"wpforms-layout-column wpforms-layout-column-50\" ><\/div><\/div><\/div><div id=\"wpforms-346-field_30-container\" class=\"wpforms-field wpforms-field-divider\" data-field-id=\"30\"><h3 id=\"wpforms-346-field_30\" aria-errormessage=\"wpforms-346-field_30-error\">R\u00e9f\u00e9rences<\/h3><\/div><div id=\"wpforms-346-field_31-container\" class=\"wpforms-field wpforms-field-layout\" data-field-id=\"31\"><div class=\"wpforms-field-layout-columns wpforms-field-layout-preset-33-33-33\"><div class=\"wpforms-layout-column wpforms-layout-column-33\" ><div id=\"wpforms-346-field_33-container\" class=\"wpforms-field wpforms-field-name\" data-field-id=\"33\"><label class=\"wpforms-field-label\" for=\"wpforms-346-field_33\">Nom de la premi\u00e8re r\u00e9f\u00e9rence<\/label><input type=\"text\" id=\"wpforms-346-field_33\" class=\"wpforms-field-medium\" name=\"wpforms[fields][33]\" aria-errormessage=\"wpforms-346-field_33-error\" ><\/div><div id=\"wpforms-346-field_36-container\" class=\"wpforms-field wpforms-field-name\" data-field-id=\"36\"><label class=\"wpforms-field-label\" for=\"wpforms-346-field_36\">Nom de la deuxi\u00e8me r\u00e9f\u00e9rence<\/label><input type=\"text\" id=\"wpforms-346-field_36\" class=\"wpforms-field-medium\" name=\"wpforms[fields][36]\" aria-errormessage=\"wpforms-346-field_36-error\" ><\/div><\/div><div class=\"wpforms-layout-column wpforms-layout-column-33\" ><div id=\"wpforms-346-field_34-container\" class=\"wpforms-field wpforms-field-text\" data-field-id=\"34\"><label class=\"wpforms-field-label\" for=\"wpforms-346-field_34\">Relation<\/label><input type=\"text\" id=\"wpforms-346-field_34\" class=\"wpforms-field-medium\" name=\"wpforms[fields][34]\" aria-errormessage=\"wpforms-346-field_34-error\" ><\/div><div id=\"wpforms-346-field_37-container\" class=\"wpforms-field wpforms-field-text\" data-field-id=\"37\"><label class=\"wpforms-field-label\" for=\"wpforms-346-field_37\">Relation<\/label><input type=\"text\" id=\"wpforms-346-field_37\" class=\"wpforms-field-medium\" name=\"wpforms[fields][37]\" aria-errormessage=\"wpforms-346-field_37-error\" ><\/div><\/div><div class=\"wpforms-layout-column wpforms-layout-column-33\" ><div id=\"wpforms-346-field_35-container\" class=\"wpforms-field wpforms-field-phone\" data-field-id=\"35\"><label class=\"wpforms-field-label\" for=\"wpforms-346-field_35\">Informations sur le contact<\/label><input type=\"tel\" id=\"wpforms-346-field_35\" class=\"wpforms-field-medium wpforms-smart-phone-field\" data-rule-smart-phone-field=\"true\" name=\"wpforms[fields][35]\" aria-label=\"Informations sur le contact\" aria-errormessage=\"wpforms-346-field_35-error\" ><\/div><div id=\"wpforms-346-field_38-container\" class=\"wpforms-field wpforms-field-phone\" data-field-id=\"38\"><label class=\"wpforms-field-label\" for=\"wpforms-346-field_38\">Informations sur le contact<\/label><input type=\"tel\" id=\"wpforms-346-field_38\" class=\"wpforms-field-medium wpforms-smart-phone-field\" data-rule-smart-phone-field=\"true\" name=\"wpforms[fields][38]\" aria-label=\"Informations sur le contact\" aria-errormessage=\"wpforms-346-field_38-error\" ><\/div><\/div><\/div><\/div><div id=\"wpforms-346-field_45-container\" class=\"wpforms-field wpforms-field-signature\" data-field-id=\"45\"><label class=\"wpforms-field-label\" for=\"wpforms-346-field_45\">Signature du candidat <span class=\"wpforms-required-label\" aria-hidden=\"true\">*<\/span><\/label><input type=\"text\" id=\"wpforms-346-field_45\" class=\"wpforms-signature-input wpforms-screen-reader-element wpforms-field-required\" data-is-wrapped-field=\"1\" name=\"wpforms[fields][45]\" autocomplete=\"off\" inputmode=\"none\" aria-errormessage=\"wpforms-346-field_45-error\" required><div class=\"wpforms-signature-wrap wpforms-field-row wpforms-field-large\"><canvas class=\"wpforms-signature-canvas\" id=\"wpforms-346-field_45-signature\" data-color=\"#000000\"><\/canvas><div class=\"wpforms-signature-clear\" title=\"Effacer la signature\" tabindex=\"0\">\n\t\t\t\t<svg xmlns=\"http:\/\/www.w3.org\/2000\/svg\" width=\"1em\" height=\"1em\" preserveAspectRatio=\"xMidYMid meet\" viewBox=\"0 0 1536 1536\">\n\t\t\t\t\t<path fill=\"var( --wpforms-field-text-color, rgba(0, 0, 0, 0.25) )\" d=\"M1149 994q0-26-19-45L949 768l181-181q19-19 19-45q0-27-19-46l-90-90q-19-19-46-19q-26 0-45 19L768 587L587 406q-19-19-45-19q-27 0-46 19l-90 90q-19 19-19 46q0 26 19 45l181 181l-181 181q-19 19-19 45q0 27 19 46l90 90q19 19 46 19q26 0 45-19l181-181l181 181q19 19 45 19q27 0 46-19l90-90q19-19 19-46zm387-226q0 209-103 385.5T1153.5 1433T768 1536t-385.5-103T103 1153.5T0 768t103-385.5T382.5 103T768 0t385.5 103T1433 382.5T1536 768z\"\/>\n\t\t\t\t<\/svg>\n\t\t\t\t<div class=\"wpforms-signature-clear-caption\">Effacer la signature<\/div>\n\t\t\t<\/div><\/div><\/div><div id=\"wpforms-346-field_46-container\" class=\"wpforms-field wpforms-field-date-time\" data-field-id=\"46\"><label class=\"wpforms-field-label\" for=\"wpforms-346-field_46\">Date de la demande <span class=\"wpforms-required-label\" aria-hidden=\"true\">*<\/span><\/label><div class=\"wpforms-datepicker-wrap\"><input type=\"text\" id=\"wpforms-346-field_46\" class=\"wpforms-field-date-time-date wpforms-datepicker wpforms-field-required wpforms-field-medium\" data-date-format=\"m\/d\/Y\" data-disable-past-dates=\"0\" data-input=\"true\" name=\"wpforms[fields][46][date]\" aria-errormessage=\"wpforms-346-field_46-error\" required><a title=\"Effacer la date\" data-clear role=\"button\" tabindex=\"0\" class=\"wpforms-datepicker-clear\" aria-label=\"Effacer la date\" style=\"display:none;\"><\/a><\/div><\/div><script>\n\t\t\t\t( function() {\n\t\t\t\t\tconst style = document.createElement( 'style' );\n\t\t\t\t\tstyle.appendChild( document.createTextNode( '#wpforms-346-field_4-container { position: absolute !important; overflow: hidden !important; display: inline !important; height: 1px !important; width: 1px !important; z-index: -1000 !important; padding: 0 !important; } #wpforms-346-field_4-container input { visibility: hidden; } #wpforms-conversational-form-page #wpforms-346-field_4-container label { counter-increment: none; }' ) );\n\t\t\t\t\tdocument.head.appendChild( style );\n\t\t\t\t\tdocument.currentScript?.remove();\n\t\t\t\t} )();\n\t\t\t<\/script><\/div><!-- .wpforms-field-container --><div class=\"wpforms-recaptcha-container wpforms-is-recaptcha wpforms-is-recaptcha-type-invisible\" ><div class=\"g-recaptcha\" data-sitekey=\"6LeXG-spAAAAAISXRcPspn55TfCPFhidWrw4RFcb\" data-size=\"invisible\"><\/div><\/div><div class=\"wpforms-submit-container\" ><input type=\"hidden\" name=\"wpforms[id]\" value=\"346\"><input type=\"hidden\" name=\"page_title\" value=\"\"><input type=\"hidden\" name=\"page_url\" value=\"https:\/\/pcinsulation.com\/fr\/wp-json\/wp\/v2\/pages\/844\"><input type=\"hidden\" name=\"url_referer\" value=\"\"><button type=\"submit\" name=\"wpforms[submit]\" id=\"wpforms-submit-346\" class=\"wpforms-submit\" data-alt-text=\"Envoi...\" data-submit-text=\"Soumettre\" aria-live=\"assertive\" value=\"wpforms-submit\">Soumettre<\/button><img loading=\"lazy\" decoding=\"async\" src=\"https:\/\/pcinsulation.com\/wp-content\/plugins\/wpforms\/assets\/images\/submit-spin.svg\" class=\"wpforms-submit-spinner\" style=\"display: none;\" width=\"26\" height=\"26\" alt=\"Chargement en cours\"><\/div><\/form><\/div>  <!-- .wpforms-container -->","protected":false},"excerpt":{"rendered":"<p>Joignez notre \u00e9quipe \u00cates-vous pr\u00eat pour une carri\u00e8re enrichissante\u2009? Nous recherchons des personnes dynamiques et fiables qui aiment les d\u00e9fis et sont d\u00e9sireuses de d\u00e9velopper leurs comp\u00e9tences chaque jour. D\u00e9couvrez nos offres d\u2019emploi\u00a0: Pour plus de d\u00e9tails sur ces postes et notre statut actuel en mati\u00e8re de recrutement, appelez-nous au 613-487-2229. Si vous avez les [&hellip;]<\/p>\n","protected":false},"author":2,"featured_media":824,"parent":0,"menu_order":0,"comment_status":"closed","ping_status":"closed","template":"","meta":{"_monsterinsights_skip_tracking":false,"_monsterinsights_sitenote_active":false,"_monsterinsights_sitenote_note":"","_monsterinsights_sitenote_category":0,"footnotes":""},"class_list":["post-844","page","type-page","status-publish","has-post-thumbnail","hentry"],"aioseo_notices":[],"_links":{"self":[{"href":"https:\/\/pcinsulation.com\/fr\/wp-json\/wp\/v2\/pages\/844","targetHints":{"allow":["GET"]}}],"collection":[{"href":"https:\/\/pcinsulation.com\/fr\/wp-json\/wp\/v2\/pages"}],"about":[{"href":"https:\/\/pcinsulation.com\/fr\/wp-json\/wp\/v2\/types\/page"}],"author":[{"embeddable":true,"href":"https:\/\/pcinsulation.com\/fr\/wp-json\/wp\/v2\/users\/2"}],"replies":[{"embeddable":true,"href":"https:\/\/pcinsulation.com\/fr\/wp-json\/wp\/v2\/comments?post=844"}],"version-history":[{"count":3,"href":"https:\/\/pcinsulation.com\/fr\/wp-json\/wp\/v2\/pages\/844\/revisions"}],"predecessor-version":[{"id":926,"href":"https:\/\/pcinsulation.com\/fr\/wp-json\/wp\/v2\/pages\/844\/revisions\/926"}],"wp:featuredmedia":[{"embeddable":true,"href":"https:\/\/pcinsulation.com\/fr\/wp-json\/wp\/v2\/media\/824"}],"wp:attachment":[{"href":"https:\/\/pcinsulation.com\/fr\/wp-json\/wp\/v2\/media?parent=844"}],"curies":[{"name":"wp","href":"https:\/\/api.w.org\/{rel}","templated":true}]}}