{"id":841,"date":"2024-05-30T16:31:19","date_gmt":"2024-05-30T20:31:19","guid":{"rendered":"https:\/\/pcinsulation.com\/a-propos\/"},"modified":"2024-12-10T11:55:49","modified_gmt":"2024-12-10T16:55:49","slug":"a-propos","status":"publish","type":"page","link":"https:\/\/pcinsulation.com\/fr\/a-propos\/","title":{"rendered":"\u00c0 propos"},"content":{"rendered":"\n<h2 class=\"wp-block-heading\"> Excellence reconnue<\/h2>\n\n\n\n<p>Depuis 1974, Paul Cuerrier Insulation (<strong>PC Insulation<\/strong>) est un nom de confiance dans les services d\u2019isolation, au service des constructeurs r\u00e9sidentiels et des propri\u00e9taires \u00e0 Ottawa et dans les r\u00e9gions avoisinantes.<\/p>\n\n\n\n<div style=\"height:48px\" aria-hidden=\"true\" class=\"wp-block-spacer\"><\/div>\n\n\n\n<h2 class=\"wp-block-heading\"> Tradition familiale<\/h2>\n\n\n\n<p>Fond\u00e9e par Paul Cuerrier et maintenant dirig\u00e9e par son fils Ga\u00e9tan Cuerrier, <strong>PC Insulation<\/strong> perp\u00e9tue un h\u00e9ritage de qualit\u00e9 et de service en tant qu\u2019entreprise familiale.<\/p>\n\n\n\n<div style=\"height:48px\" aria-hidden=\"true\" class=\"wp-block-spacer\"><\/div>\n\n\n\n<h2 class=\"wp-block-heading\">Notre mission<\/h2>\n\n\n\n<p><strong>PC Insulation<\/strong> s\u2019engage \u00e0 offrir un service exceptionnel et des solutions d\u2019isolation de haute qualit\u00e9, adapt\u00e9es aux besoins de nos clients, tout en maintenant une note A+ pour la satisfaction de la client\u00e8le.<\/p>\n\n\n\n<div style=\"height:48px\" aria-hidden=\"true\" class=\"wp-block-spacer\"><\/div>\n\n\n\n<h2 class=\"wp-block-heading\">Partenariats<\/h2>\n\n\n\n<p><strong>PC Insulation<\/strong> s\u2019associe \u00e0 des fabricants de premier plan pour garantir les mat\u00e9riaux de la plus haute qualit\u00e9 pour chaque projet.<\/p>\n\n\n\n<div style=\"height:48px\" aria-hidden=\"true\" class=\"wp-block-spacer\"><\/div>\n\n\n\n<h2 class=\"wp-block-heading\">S\u00e9curit\u00e9 et excellence<\/h2>\n\n\n\n<p>Avec un accent sur la s\u00e9curit\u00e9 et l\u2019excellence, <strong>PC Insulation<\/strong> respecte les normes les plus \u00e9lev\u00e9es dans tous les aspects de notre travail.<\/p>\n\n\n\n<div style=\"height:48px\" aria-hidden=\"true\" class=\"wp-block-spacer\"><\/div>\n\n\n\n<h2 class=\"wp-block-heading\">Client\u00e8le et recommandations<\/h2>\n\n\n\n<p>Notre vaste exp\u00e9rience et notre engagement envers la qualit\u00e9 garantissent que la plupart de nos nouvelles affaires proviennent de recommandations de clients satisfaits.<\/p>\n\n\n\n<div style=\"height:48px\" aria-hidden=\"true\" class=\"wp-block-spacer\"><\/div>\n\n\n\n<h2 class=\"wp-block-heading\">Ponctualit\u00e9 et qualit\u00e9<\/h2>\n\n\n\n<p><strong>PC Insulation<\/strong> garantit un service ponctuel et utilise uniquement les meilleurs produits, offrant tranquillit\u00e9 d\u2019esprit et excellence constante pour chaque projet.<\/p>\n\n\n\n<div style=\"height:48px\" aria-hidden=\"true\" class=\"wp-block-spacer\"><\/div>\n\n\n\n<h2 class=\"wp-block-heading\"> Inspection et satisfaction<\/h2>\n\n\n\n<p>Avec un excellent bilan d\u2019inspection et un engagement envers la satisfaction de la client\u00e8le, <strong>PC Insulation<\/strong> offre une qualit\u00e9 et un service in\u00e9gal\u00e9s pour chaque projet.<\/p>\n","protected":false},"excerpt":{"rendered":"<p>Excellence reconnue Depuis 1974, Paul Cuerrier Insulation (PC Insulation) est un nom de confiance dans les services d\u2019isolation, au service des constructeurs r\u00e9sidentiels et des propri\u00e9taires \u00e0 Ottawa et dans les r\u00e9gions avoisinantes. Tradition familiale Fond\u00e9e par Paul Cuerrier et maintenant dirig\u00e9e par son fils Ga\u00e9tan Cuerrier, PC Insulation perp\u00e9tue un h\u00e9ritage de qualit\u00e9 et [&hellip;]<\/p>\n","protected":false},"author":2,"featured_media":819,"parent":0,"menu_order":0,"comment_status":"closed","ping_status":"closed","template":"","meta":{"_monsterinsights_skip_tracking":false,"_monsterinsights_sitenote_active":false,"_monsterinsights_sitenote_note":"","_monsterinsights_sitenote_category":0,"footnotes":""},"class_list":["post-841","page","type-page","status-publish","has-post-thumbnail","hentry"],"aioseo_notices":[],"_links":{"self":[{"href":"https:\/\/pcinsulation.com\/fr\/wp-json\/wp\/v2\/pages\/841","targetHints":{"allow":["GET"]}}],"collection":[{"href":"https:\/\/pcinsulation.com\/fr\/wp-json\/wp\/v2\/pages"}],"about":[{"href":"https:\/\/pcinsulation.com\/fr\/wp-json\/wp\/v2\/types\/page"}],"author":[{"embeddable":true,"href":"https:\/\/pcinsulation.com\/fr\/wp-json\/wp\/v2\/users\/2"}],"replies":[{"embeddable":true,"href":"https:\/\/pcinsulation.com\/fr\/wp-json\/wp\/v2\/comments?post=841"}],"version-history":[{"count":5,"href":"https:\/\/pcinsulation.com\/fr\/wp-json\/wp\/v2\/pages\/841\/revisions"}],"predecessor-version":[{"id":936,"href":"https:\/\/pcinsulation.com\/fr\/wp-json\/wp\/v2\/pages\/841\/revisions\/936"}],"wp:featuredmedia":[{"embeddable":true,"href":"https:\/\/pcinsulation.com\/fr\/wp-json\/wp\/v2\/media\/819"}],"wp:attachment":[{"href":"https:\/\/pcinsulation.com\/fr\/wp-json\/wp\/v2\/media?parent=841"}],"curies":[{"name":"wp","href":"https:\/\/api.w.org\/{rel}","templated":true}]}}