{"id":838,"date":"2024-05-31T13:18:15","date_gmt":"2024-05-31T17:18:15","guid":{"rendered":"https:\/\/pcinsulation.com\/nos-services\/"},"modified":"2024-12-10T10:28:28","modified_gmt":"2024-12-10T15:28:28","slug":"nos-services","status":"publish","type":"page","link":"https:\/\/pcinsulation.com\/fr\/nos-services\/","title":{"rendered":"Nos services"},"content":{"rendered":"\n<div class=\"wp-block-cover\" style=\"min-height:209px;aspect-ratio:unset;\" id=\"spray-foam\"><span aria-hidden=\"true\" class=\"wp-block-cover__background has-black-background-color has-background-dim-40 has-background-dim\"><\/span><img loading=\"lazy\" decoding=\"async\" width=\"1024\" height=\"301\" class=\"wp-block-cover__image-background wp-image-721\" alt=\"\" src=\"https:\/\/pcinsulation.com\/wp-content\/uploads\/2024\/11\/services-spray-foam.jpg\" data-object-fit=\"cover\" srcset=\"https:\/\/pcinsulation.com\/wp-content\/uploads\/2024\/11\/services-spray-foam.jpg 1024w, https:\/\/pcinsulation.com\/wp-content\/uploads\/2024\/11\/services-spray-foam-980x288.jpg 980w, https:\/\/pcinsulation.com\/wp-content\/uploads\/2024\/11\/services-spray-foam-480x141.jpg 480w\" sizes=\"(min-width: 0px) and (max-width: 480px) 480px, (min-width: 481px) and (max-width: 980px) 980px, (min-width: 981px) 1024px, 100vw\" \/><div class=\"wp-block-cover__inner-container is-layout-flow wp-block-cover-is-layout-flow\">\n<h2 class=\"wp-block-heading\"> Mousse de polyur\u00e9thane projet\u00e9e \u00e0 cellules ferm\u00e9es de 2 lb<\/h2>\n<\/div><\/div>\n\n<div style=\"height:24px\" aria-hidden=\"true\" class=\"wp-block-spacer\"><\/div>\n\n<p>La mousse projet\u00e9e (mousse de polyur\u00e9thane \u00e0 cellules ferm\u00e9es de 2 lb) est un produit d\u2019isolation haut de gamme, offrant une barri\u00e8re thermique sup\u00e9rieure. En tant qu\u2019isolant appliqu\u00e9 directement, la mousse projet\u00e9e scelle toutes les fissures et cavit\u00e9s de mani\u00e8re que d\u2019autres isolants ne peuvent \u00e9galer. La mousse de polyur\u00e9thane \u00e0 cellules ferm\u00e9es de 2 lb offre la valeur R la plus \u00e9lev\u00e9e disponible pour les b\u00e2timents r\u00e9sidentiels et peut \u00eatre appliqu\u00e9e dans presque toutes les zones de la construction. Elle fournit une barri\u00e8re contre la vapeur aux zones trait\u00e9es, une protection contre le radon provenant du sol sous votre maison, et permet de r\u00e9aliser des \u00e9conomies substantielles sur la consommation d\u2019\u00e9nergie tout au long de la vie de votre maison.<\/p>\n\n<ul class=\"wp-block-list\">\n<li><strong>\u00c9conomies d'\u00e9nergie<\/strong> : R\u00e9duit consid\u00e9rablement les co\u00fbts de chauffage et de climatisation.<\/li>\n\n\n\n<li><strong>Scellement complet<\/strong> : Assure une couverture totale de la maison, y compris les greniers, les sous-sols, les murs et les planchers.<\/li>\n\n\n\n<li><p><strong>R\u00e9sistance \u00e0 la moisissure<\/strong> : Prot\u00e8ge contre la moisissure et la d\u00e9gradation, favorisant un environnement int\u00e9rieur plus sain.<\/p><\/li>\n\n\n\n<li><strong>Rentabilit\u00e9<\/strong> : Offre des prix comp\u00e9titifs par rapport \u00e0 d\u2019autres types d\u2019isolation.<\/li>\n\n\n\n<li><strong>S\u00e9curit\u00e9 environnementale et sanitaire<\/strong> : Non toxique et respectueux de l\u2019environnement, prot\u00e9geant la sant\u00e9 de votre famille.<\/li>\n\n\n\n<li><strong>Protection contre les allerg\u00e8nes<\/strong> : Offre une barri\u00e8re contre les allerg\u00e8nes et les contaminants a\u00e9roport\u00e9s.<\/li>\n<\/ul>\n\n<p>Saviez-vous que jusqu\u2019\u00e0 50 % de l\u2019air chauff\u00e9 d\u2019une maison peut s\u2019\u00e9chapper en raison d\u2019une isolation inad\u00e9quate? Pour une solution durable, optez pour l\u2019isolation en mousse projet\u00e9e. <strong><a href=\"https:\/\/pcinsulation.com\/contact-us\/\" title=\"Contactez-nous\">Contactez-nous d\u00e8s aujourd\u2019hui!<\/a><\/strong><\/p>\n\n<div style=\"height:100px\" aria-hidden=\"true\" class=\"wp-block-spacer\"><\/div>\n\n<div class=\"wp-block-cover\" style=\"min-height:209px;aspect-ratio:unset;\" id=\"attic-insulation\"><span aria-hidden=\"true\" class=\"wp-block-cover__background has-black-background-color has-background-dim-30 has-background-dim\"><\/span><img loading=\"lazy\" decoding=\"async\" width=\"1024\" height=\"681\" class=\"wp-block-cover__image-background wp-image-723\" alt=\"\" src=\"https:\/\/pcinsulation.com\/wp-content\/uploads\/2024\/11\/services-attic-insulation.jpg\" style=\"object-position:74% 72%\" data-object-fit=\"cover\" data-object-position=\"74% 72%\" srcset=\"https:\/\/pcinsulation.com\/wp-content\/uploads\/2024\/11\/services-attic-insulation.jpg 1024w, https:\/\/pcinsulation.com\/wp-content\/uploads\/2024\/11\/services-attic-insulation-980x652.jpg 980w, https:\/\/pcinsulation.com\/wp-content\/uploads\/2024\/11\/services-attic-insulation-480x319.jpg 480w\" sizes=\"(min-width: 0px) and (max-width: 480px) 480px, (min-width: 481px) and (max-width: 980px) 980px, (min-width: 981px) 1024px, 100vw\" \/><div class=\"wp-block-cover__inner-container is-layout-flow wp-block-cover-is-layout-flow\">\n<h2 class=\"wp-block-heading\"> Isolation du grenier<\/h2>\n<\/div><\/div>\n\n<div style=\"height:24px\" aria-hidden=\"true\" class=\"wp-block-spacer\"><\/div>\n\n<p>L\u2019isolation du grenier est le \u00ab chapeau \u00bb de votre maison. Elle garde la chaleur en hiver et la repousse en \u00e9t\u00e9. Mais au fil des ans, les choses changent.<\/p>\n\n<p>Le code du b\u00e2timent a connu plusieurs \u00e9volutions, et des maisons aussi r\u00e9centes que 10 ans peuvent avoir des niveaux de code pr\u00e9c\u00e9dents, repr\u00e9sentant la moiti\u00e9 ou moins du code actuel. Actuellement, nous en sommes \u00e0 un R-60 (21,5 pouces de mousse souffl\u00e9e pour la fibre de verre et 16,1 pouces pour la cellulose), avec des \u00e9missions proches de z\u00e9ro. Cela signifie qu'une maison correctement isol\u00e9e devrait perdre presque aucune \u00e9nergie par le grenier.<\/p>\n\n<p>Les animaux ind\u00e9sirables sont \u00e9galement un facteur majeur dans la d\u00e9t\u00e9rioration du grenier, car ils y nichent, tassent l\u2019isolation et se soulagent. Les tunnels permettent le \u00ab lavage par le vent \u00bb, ce qui signifie que l\u2019air circule, extrayant la r\u00e9sistance thermique de l\u2019isolation, la rendant presque inutile.<\/p>\n\n<p>Lors de l\u2019inspection de votre grenier, nous recherchons des signes de moisissures caus\u00e9es par les infiltrations d\u2019air. Nous montons \u00e0 l\u2019int\u00e9rieur pour rep\u00e9rer les zones cach\u00e9es, souvent ignor\u00e9es par d\u2019autres. Nous v\u00e9rifions le niveau, prenons des photos et nous nous assurons que vous \u00eates pleinement inform\u00e9 de nos constats. Avec une approche sans pression, nous vous offrons une pr\u00e9sentation honn\u00eate de toutes les recommandations, vous permettant ainsi de prendre la bonne d\u00e9cision. Que ce soit pour un simple rajout ou une mise \u00e0 niveau compl\u00e8te du grenier, nous avons tout ce qu\u2019il vous faut.<\/p>\n\n<div style=\"height:100px\" aria-hidden=\"true\" class=\"wp-block-spacer\"><\/div>\n\n<div class=\"wp-block-cover wp-duotone-unset-1\" style=\"min-height:209px;aspect-ratio:unset;\" id=\"fiberglass-insulation\"><span aria-hidden=\"true\" class=\"wp-block-cover__background has-black-background-color has-background-dim-30 has-background-dim\"><\/span><img loading=\"lazy\" decoding=\"async\" width=\"1024\" height=\"681\" class=\"wp-block-cover__image-background wp-image-724\" alt=\"\" src=\"https:\/\/pcinsulation.com\/wp-content\/uploads\/2024\/11\/services-fiberglass-insulation.jpg\" style=\"object-position:52% 52%\" data-object-fit=\"cover\" data-object-position=\"52% 52%\" srcset=\"https:\/\/pcinsulation.com\/wp-content\/uploads\/2024\/11\/services-fiberglass-insulation.jpg 1024w, https:\/\/pcinsulation.com\/wp-content\/uploads\/2024\/11\/services-fiberglass-insulation-980x652.jpg 980w, https:\/\/pcinsulation.com\/wp-content\/uploads\/2024\/11\/services-fiberglass-insulation-480x319.jpg 480w\" sizes=\"(min-width: 0px) and (max-width: 480px) 480px, (min-width: 481px) and (max-width: 980px) 980px, (min-width: 981px) 1024px, 100vw\" \/><div class=\"wp-block-cover__inner-container is-layout-flow wp-block-cover-is-layout-flow\">\n<h2 class=\"wp-block-heading\"> Isolation en fibre de verre<\/h2>\n<\/div><\/div>\n\n<div style=\"height:24px\" aria-hidden=\"true\" class=\"wp-block-spacer\"><\/div>\n\n<p><strong>Couvertures en fibre de verre (battes ou rouleaux) :<\/strong> Disponibles en vari\u00e9t\u00e9s de densit\u00e9 moyenne et \u00e9lev\u00e9e, l\u2019isolation en fibre de verre offre une valeur R l\u00e9g\u00e8rement sup\u00e9rieure \u00e0 celle des couvertures pr\u00e9c\u00e9dentes. Une meilleure valeur R signifie moins de fuites d\u2019air, ce qui permet \u00e0 votre maison ou entreprise de rester chaude en hiver et fra\u00eeche en \u00e9t\u00e9. Un produit plus dense comme celui-ci est id\u00e9al pour les b\u00e2timents ayant peu d\u2019espace pour l\u2019isolation.<\/p>\n\n<p><strong>Isolation en fibre de verre en vrac :<\/strong> Fabriqu\u00e9e \u00e0 partir de verre fondu, qui est fil\u00e9 ou souffl\u00e9 en fibres, cette isolation contient g\u00e9n\u00e9ralement entre 20 et 30 % de verre recycl\u00e9. L\u2019isolation en vrac est appliqu\u00e9e \u00e0 l\u2019aide d\u2019un appareil souffleur. L\u2019application en soufflage ouvert est utilis\u00e9e dans les greniers. L\u2019application en cavit\u00e9s ferm\u00e9es est pr\u00e9f\u00e9r\u00e9e pour les murs int\u00e9rieurs ou les planchers de grenier recouverts.<\/p>\n","protected":false},"excerpt":{"rendered":"<p>La mousse projet\u00e9e (mousse de polyur\u00e9thane \u00e0 cellules ferm\u00e9es de 2 lb) est un produit d\u2019isolation haut de gamme, offrant une barri\u00e8re thermique sup\u00e9rieure. En tant qu\u2019isolant appliqu\u00e9 directement, la mousse projet\u00e9e scelle toutes les fissures et cavit\u00e9s de mani\u00e8re que d\u2019autres isolants ne peuvent \u00e9galer. La mousse de polyur\u00e9thane \u00e0 cellules ferm\u00e9es de 2 [&hellip;]<\/p>\n","protected":false},"author":2,"featured_media":820,"parent":0,"menu_order":0,"comment_status":"closed","ping_status":"closed","template":"","meta":{"_monsterinsights_skip_tracking":false,"_monsterinsights_sitenote_active":false,"_monsterinsights_sitenote_note":"","_monsterinsights_sitenote_category":0,"footnotes":""},"class_list":["post-838","page","type-page","status-publish","has-post-thumbnail","hentry"],"aioseo_notices":[],"_links":{"self":[{"href":"https:\/\/pcinsulation.com\/fr\/wp-json\/wp\/v2\/pages\/838","targetHints":{"allow":["GET"]}}],"collection":[{"href":"https:\/\/pcinsulation.com\/fr\/wp-json\/wp\/v2\/pages"}],"about":[{"href":"https:\/\/pcinsulation.com\/fr\/wp-json\/wp\/v2\/types\/page"}],"author":[{"embeddable":true,"href":"https:\/\/pcinsulation.com\/fr\/wp-json\/wp\/v2\/users\/2"}],"replies":[{"embeddable":true,"href":"https:\/\/pcinsulation.com\/fr\/wp-json\/wp\/v2\/comments?post=838"}],"version-history":[{"count":3,"href":"https:\/\/pcinsulation.com\/fr\/wp-json\/wp\/v2\/pages\/838\/revisions"}],"predecessor-version":[{"id":923,"href":"https:\/\/pcinsulation.com\/fr\/wp-json\/wp\/v2\/pages\/838\/revisions\/923"}],"wp:featuredmedia":[{"embeddable":true,"href":"https:\/\/pcinsulation.com\/fr\/wp-json\/wp\/v2\/media\/820"}],"wp:attachment":[{"href":"https:\/\/pcinsulation.com\/fr\/wp-json\/wp\/v2\/media?parent=838"}],"curies":[{"name":"wp","href":"https:\/\/api.w.org\/{rel}","templated":true}]}}