{"id":836,"date":"2024-07-02T18:31:47","date_gmt":"2024-07-02T22:31:47","guid":{"rendered":"https:\/\/pcinsulation.com\/nos-fournisseurs\/"},"modified":"2024-12-09T14:43:17","modified_gmt":"2024-12-09T19:43:17","slug":"nos-fournisseurs","status":"publish","type":"page","link":"https:\/\/pcinsulation.com\/fr\/nos-fournisseurs\/","title":{"rendered":"Nos fournisseurs"},"content":{"rendered":"\n<div class=\"wp-block-columns is-layout-flex wp-container-core-columns-is-layout-9d6595d7 wp-block-columns-is-layout-flex\">\n<div class=\"wp-block-column is-layout-flow wp-block-column-is-layout-flow\" style=\"flex-basis:100%\">\n<div class=\"wp-block-media-text is-stacked-on-mobile is-vertically-aligned-center\" style=\"grid-template-columns:25% auto\"><figure class=\"wp-block-media-text__media\"><img loading=\"lazy\" decoding=\"async\" width=\"300\" height=\"300\" src=\"https:\/\/pcinsulation.com\/wp-content\/uploads\/2024\/10\/suppliers-knauf-insulation.jpg\" alt=\"\" class=\"wp-image-588 size-full\" srcset=\"https:\/\/pcinsulation.com\/wp-content\/uploads\/2024\/10\/suppliers-knauf-insulation.jpg 300w, https:\/\/pcinsulation.com\/wp-content\/uploads\/2024\/10\/suppliers-knauf-insulation-150x150.jpg 150w\" sizes=\"(max-width: 300px) 100vw, 300px\" \/><\/figure><div class=\"wp-block-media-text__content\">\n<p><strong>La laine min\u00e9rale Knauf en panneaux de fibre de verre <\/strong><\/p>\n\n\n\n<p><a href=\"https:\/\/res.cloudinary.com\/knauf-insulation\/image\/upload\/Knauf Insulation\/Batt Insulation\/EcoBatt\/Canada\/knauf-canadian-ecoBatt-data-sheet.pdf\" target=\"_blank\" rel=\"noopener\" title=\"T&#xE9;l&#xE9;charger la brochure de documentation\">T\u00e9l\u00e9charger la brochure de documentation<\/a><\/p>\n<\/div><\/div>\n\n\n\n<div style=\"height:100px\" aria-hidden=\"true\" class=\"wp-block-spacer\"><\/div>\n\n\n\n<div class=\"wp-block-media-text is-stacked-on-mobile is-vertically-aligned-top\" style=\"grid-template-columns:25% auto\"><figure class=\"wp-block-media-text__media\"><img loading=\"lazy\" decoding=\"async\" width=\"300\" height=\"300\" src=\"https:\/\/pcinsulation.com\/wp-content\/uploads\/2024\/10\/suppliers-owens-corning.jpg\" alt=\"\" class=\"wp-image-589 size-full\" srcset=\"https:\/\/pcinsulation.com\/wp-content\/uploads\/2024\/10\/suppliers-owens-corning.jpg 300w, https:\/\/pcinsulation.com\/wp-content\/uploads\/2024\/10\/suppliers-owens-corning-150x150.jpg 150w\" sizes=\"(max-width: 300px) 100vw, 300px\" \/><\/figure><div class=\"wp-block-media-text__content\">\n<p><strong>La laine min\u00e9rale Owens Corning en panneaux de fibre de verre<\/strong><\/p>\n\n\n\n<p><a href=\"https:\/\/dcpd6wotaa0mb.cloudfront.net\/mdms\/dms\/Shared\/501224CA\/501224-Pink-Next-Gen-Fiberglas-Data-Sheet-EN.pdf?v=1716523219000\" target=\"_blank\" rel=\"noopener\" title=\"T&#xE9;l&#xE9;charger la brochure de documentation\">T\u00e9l\u00e9charger la brochure de documentation<\/a><\/p>\n\n\n\n<p><strong>Owens Corning Pro Pink Isolation souffl\u00e9e<\/strong><\/p>\n\n\n\n<p><a href=\"https:\/\/dcpd6wotaa0mb.cloudfront.net\/mdms\/dms\/Residential Insulation\/501104CA\/501104-ProPink-Blown-Insulation-Data-Sheet-Canada-EN.pdf?v=1699418623000\" target=\"_blank\" rel=\"noopener\" title=\"T&#xE9;l&#xE9;charger la brochure de documentation\">T\u00e9l\u00e9charger la brochure de documentation<\/a><\/p>\n\n\n\n<p><strong>Fiche d'instructions pour une utilisation s\u00e9curitaire au Canada<\/strong><\/p>\n\n\n\n<p><a href=\"https:\/\/dcpd6wotaa0mb.cloudfront.net\/mdms\/sds\/OCIS00026_SUIS_EN.PDF?v=1529574579000\" target=\"_blank\" rel=\"noopener\" title=\"FDS Panneau de fibre de verre\">FDS Panneau de fibre de verre<\/a><\/p>\n\n\n\n<p><a href=\"https:\/\/dcpd6wotaa0mb.cloudfront.net\/mdms\/sds\/OCIS00027_SUIS_EN.PDF?v=1529575005000\" target=\"_blank\" rel=\"noopener\" title=\"FDS Propink Isolation souffl&#xE9;e\">FDS Propink Isolation souffl\u00e9e<\/a><\/p>\n\n\n\n<p><a href=\"https:\/\/www.owenscorninglibrary.ca\/\" target=\"_blank\" rel=\"noopener\" title=\"Biblioth&#xE8;que Owens Corning\">Biblioth\u00e8que Owens Corning<\/a><\/p>\n\n\n\n<p><strong>Site Web d'Owens Corning<\/strong><\/p>\n\n\n\n<p><a href=\"https:\/\/www.owenscorning.com\/en-ca\/insulation\" target=\"_blank\" rel=\"noopener\" title=\"Site Web d'Owens Corning - Isolation\">https:\/\/www.owenscorning.com\/en-ca\/insulation<\/a><\/p>\n\n\n\n<p><strong>Produits d'isolation pour la maison<\/strong><\/p>\n\n\n\n<p><a href=\"https:\/\/www.owenscorning.com\/en-ca\/insulation\/residential\/products\" target=\"_blank\" rel=\"noopener\" title=\"Produits d'isolation r&#xE9;sidentielle\">https:\/\/www.owenscorning.com\/en-ca\/insulation\/residential\/products<\/a><\/p>\n\n\n\n<p><strong>Rendre la maison un meilleur endroit o\u00f9 \u00eatre<\/strong><\/p>\n\n\n\n<p><a href=\"https:\/\/www.owenscorning.com\/en-ca\/insulation\/residential\" target=\"_blank\" rel=\"noopener\" title=\"Isolation r&#xE9;sidentielle Owens Corning\">https:\/\/www.owenscorning.com\/en-ca\/insulation\/residential<\/a><\/p>\n<\/div><\/div>\n\n\n\n<div style=\"height:100px\" aria-hidden=\"true\" class=\"wp-block-spacer\"><\/div>\n\n\n\n<div class=\"wp-block-media-text is-stacked-on-mobile is-vertically-aligned-center\" style=\"grid-template-columns:25% auto\"><figure class=\"wp-block-media-text__media\"><img loading=\"lazy\" decoding=\"async\" width=\"344\" height=\"146\" src=\"https:\/\/pcinsulation.com\/wp-content\/uploads\/2024\/07\/Unknown-1.png\" alt=\"\" class=\"wp-image-558 size-full\" srcset=\"https:\/\/pcinsulation.com\/wp-content\/uploads\/2024\/07\/Unknown-1.png 344w, https:\/\/pcinsulation.com\/wp-content\/uploads\/2024\/07\/Unknown-1-300x127.png 300w\" sizes=\"(max-width: 344px) 100vw, 344px\" \/><\/figure><div class=\"wp-block-media-text__content\">\n<p><\/p>\n\n\n\n<p><a href=\"https:\/\/www.genyk.com\/ca\/en\/technical-documents\/\" target=\"_blank\" rel=\"noopener\" title=\"T&#xE9;l&#xE9;charger les documents techniques\">T\u00e9l\u00e9charger les documents techniques<\/a><\/p>\n<\/div><\/div>\n\n\n\n<div style=\"height:100px\" aria-hidden=\"true\" class=\"wp-block-spacer\"><\/div>\n\n\n\n<div class=\"wp-block-media-text is-stacked-on-mobile is-vertically-aligned-center\" style=\"grid-template-columns:25% auto\"><figure class=\"wp-block-media-text__media\"><img loading=\"lazy\" decoding=\"async\" width=\"300\" height=\"300\" src=\"https:\/\/pcinsulation.com\/wp-content\/uploads\/2024\/10\/suppliers-tremco.jpg\" alt=\"\" class=\"wp-image-590 size-full\" srcset=\"https:\/\/pcinsulation.com\/wp-content\/uploads\/2024\/10\/suppliers-tremco.jpg 300w, https:\/\/pcinsulation.com\/wp-content\/uploads\/2024\/10\/suppliers-tremco-150x150.jpg 150w\" sizes=\"(max-width: 300px) 100vw, 300px\" \/><\/figure><div class=\"wp-block-media-text__content\">\n<p><\/p>\n\n\n\n<p><a href=\"https:\/\/www.tremcosealants.com\/markets\/commercial\/sealants-adhesives\/specialty-sealants\/acoustical-curtainwall-sealant\/\" target=\"_blank\" rel=\"noopener\" title=\"T&#xE9;l&#xE9;charger les documents techniques\">T\u00e9l\u00e9charger les documents techniques<\/a><\/p>\n<\/div><\/div>\n\n\n\n<div style=\"height:100px\" aria-hidden=\"true\" class=\"wp-block-spacer\"><\/div>\n\n\n\n<div class=\"wp-block-media-text is-stacked-on-mobile is-vertically-aligned-center\" style=\"grid-template-columns:25% auto\"><figure class=\"wp-block-media-text__media\"><img loading=\"lazy\" decoding=\"async\" width=\"240\" height=\"46\" src=\"https:\/\/pcinsulation.com\/wp-content\/uploads\/2024\/07\/Unknown.png\" alt=\"\" class=\"wp-image-557 size-full\"\/><\/figure><div class=\"wp-block-media-text__content\">\n<p><\/p>\n\n\n\n<p><a href=\"https:\/\/www.rockwool.com\/siteassets\/o2-rockwool\/documentation\/safe-use-instruction-sheet\/safe_use_instruction_sheet-rockwool.pdf\" target=\"_blank\" rel=\"noopener\" title=\"T&#xE9;l&#xE9;charger la fiche de donn&#xE9;es de s&#xE9;curit&#xE9;\">T\u00e9l\u00e9charger la fiche de donn\u00e9es de s\u00e9curit\u00e9<\/a><\/p>\n\n\n\n<p><strong>Site Web de Rockwool pour plus d'informations<\/strong><\/p>\n\n\n\n<p><a href=\"https:\/\/www.rockwool.com\/north-america\/resources-and-tools\" target=\"_blank\" rel=\"noopener\" title=\"Ressources et outils Rockwool\">https:\/\/www.rockwool.com\/north-america\/resources-and-tools<\/a><\/p>\n<\/div><\/div>\n\n\n\n<div style=\"height:100px\" aria-hidden=\"true\" class=\"wp-block-spacer\"><\/div>\n\n\n\n<div class=\"wp-block-media-text is-stacked-on-mobile is-vertically-aligned-center\" style=\"grid-template-columns:25% auto\"><figure class=\"wp-block-media-text__media\"><img loading=\"lazy\" decoding=\"async\" width=\"165\" height=\"76\" src=\"https:\/\/pcinsulation.com\/wp-content\/uploads\/2024\/07\/logo_modal.png\" alt=\"\" class=\"wp-image-559 size-full\"\/><\/figure><div class=\"wp-block-media-text__content\">\n<p><\/p>\n\n\n\n<p><a href=\"https:\/\/cellulose.com\/pdf\/cellulose_technical_data_sheet-ca-en.pdf\" target=\"_blank\" rel=\"noopener\" title=\"T&#xE9;l&#xE9;charger la fiche technique\">T\u00e9l\u00e9charger la fiche technique<\/a><\/p>\n\n\n\n<p> Site Web Igloo<\/p>\n\n\n\n<p><a href=\"https:\/\/igloocellulose.ca\/accueil\" target=\"_blank\" rel=\"noopener\" title=\"Site Web Igloo\">https:\/\/igloocellulose.ca\/accueil<\/a><\/p>\n<\/div><\/div>\n<\/div>\n<\/div>\n","protected":false},"excerpt":{"rendered":"<p>La laine min\u00e9rale Knauf en panneaux de fibre de verre T\u00e9l\u00e9charger la brochure de documentation La laine min\u00e9rale Owens Corning en panneaux de fibre de verre T\u00e9l\u00e9charger la brochure de documentation Owens Corning Pro Pink Isolation souffl\u00e9e T\u00e9l\u00e9charger la brochure de documentation Fiche d&#8217;instructions pour une utilisation s\u00e9curitaire au Canada FDS Panneau de fibre de [&hellip;]<\/p>\n","protected":false},"author":2,"featured_media":808,"parent":0,"menu_order":0,"comment_status":"closed","ping_status":"closed","template":"","meta":{"_monsterinsights_skip_tracking":false,"_monsterinsights_sitenote_active":false,"_monsterinsights_sitenote_note":"","_monsterinsights_sitenote_category":0,"footnotes":""},"class_list":["post-836","page","type-page","status-publish","has-post-thumbnail","hentry"],"aioseo_notices":[],"_links":{"self":[{"href":"https:\/\/pcinsulation.com\/fr\/wp-json\/wp\/v2\/pages\/836","targetHints":{"allow":["GET"]}}],"collection":[{"href":"https:\/\/pcinsulation.com\/fr\/wp-json\/wp\/v2\/pages"}],"about":[{"href":"https:\/\/pcinsulation.com\/fr\/wp-json\/wp\/v2\/types\/page"}],"author":[{"embeddable":true,"href":"https:\/\/pcinsulation.com\/fr\/wp-json\/wp\/v2\/users\/2"}],"replies":[{"embeddable":true,"href":"https:\/\/pcinsulation.com\/fr\/wp-json\/wp\/v2\/comments?post=836"}],"version-history":[{"count":1,"href":"https:\/\/pcinsulation.com\/fr\/wp-json\/wp\/v2\/pages\/836\/revisions"}],"predecessor-version":[{"id":837,"href":"https:\/\/pcinsulation.com\/fr\/wp-json\/wp\/v2\/pages\/836\/revisions\/837"}],"wp:featuredmedia":[{"embeddable":true,"href":"https:\/\/pcinsulation.com\/fr\/wp-json\/wp\/v2\/media\/808"}],"wp:attachment":[{"href":"https:\/\/pcinsulation.com\/fr\/wp-json\/wp\/v2\/media?parent=836"}],"curies":[{"name":"wp","href":"https:\/\/api.w.org\/{rel}","templated":true}]}}