{"id":834,"date":"2024-05-31T13:25:11","date_gmt":"2024-05-31T17:25:11","guid":{"rendered":"https:\/\/pcinsulation.com\/foire-aux-questions\/"},"modified":"2024-12-10T10:44:21","modified_gmt":"2024-12-10T15:44:21","slug":"foire-aux-questions","status":"publish","type":"page","link":"https:\/\/pcinsulation.com\/fr\/foire-aux-questions\/","title":{"rendered":"Foire aux questions"},"content":{"rendered":"\n<div data-schema-only=\"false\" class=\"wp-block-aioseo-faq\"><h3 class=\"aioseo-faq-block-question\"><strong>Pourquoi investir dans l\u2019isolation\u2009?<\/strong><\/h3><div class=\"aioseo-faq-block-answer\">\n<p>En r\u00e9sum\u00e9 : confort. Une bonne isolation garantit de la chaleur en hiver et de la fra\u00eecheur en \u00e9t\u00e9, ce qui permet de r\u00e9aliser des \u00e9conomies importantes sur les factures d\u2019\u00e9nergie. De plus, l\u2019isolation r\u00e9duit les niveaux de bruit en absorbant le son.<\/p>\n<\/div><\/div>\n\n\n\n<div data-schema-only=\"false\" class=\"wp-block-aioseo-faq\"><h3 class=\"aioseo-faq-block-question\"><strong><strong>Pourquoi ne pas le faire soi-m\u00eame ?<\/strong><\/strong><\/h3><div class=\"aioseo-faq-block-answer\">\n<p>L\u2019isolation joue un r\u00f4le essentiel dans le maintien d\u2019un foyer sain et efficace. Le choix du type d\u2019isolation appropri\u00e9 et l\u2019assurance d\u2019une installation ad\u00e9quate n\u00e9cessitent un savoir-faire professionnel. Une installation incorrecte peut entra\u00eener un gaspillage d\u2019\u00e9nergie et des probl\u00e8mes d\u2019humidit\u00e9. Faire appel \u00e0 des professionnels exp\u00e9riment\u00e9s comme nous garantit des avantages durables adapt\u00e9s \u00e0 vos besoins sp\u00e9cifiques.<\/p>\n<\/div><\/div>\n\n\n\n<div data-schema-only=\"false\" class=\"wp-block-aioseo-faq\"><h3 class=\"aioseo-faq-block-question\"><strong><strong><strong>Pourquoi ai-je besoin de plus d\u2019isolation ?<\/strong><\/strong><\/strong><\/h3><div class=\"aioseo-faq-block-answer\">\n<p>Des niveaux d\u2019isolation insuffisants contribuent \u00e0 la perte d\u2019\u00e9nergie, ce qui peut devenir co\u00fbteux. Ajouter de l\u2019isolation dans votre grenier permet de maintenir votre maison \u00e0 une temp\u00e9rature agr\u00e9able, en veillant \u00e0 ce que votre chauffage et votre climatisation ne soient pas sollicit\u00e9s excessivement.<\/p>\n<\/div><\/div>\n\n\n\n<div data-schema-only=\"false\" class=\"wp-block-aioseo-faq\"><h3 class=\"aioseo-faq-block-question\"><strong><strong><strong>Quelle est la diff\u00e9rence entre la fibre de verre, la cellulose et la mousse souffl\u00e9e ?<\/strong><\/strong><\/strong><\/h3><div class=\"aioseo-faq-block-answer\">\n<p>La fibre de verre est compos\u00e9e de brins de verre fibreux fabriqu\u00e9s \u00e0 partir de mat\u00e9riaux recycl\u00e9s. Elle est hypoallerg\u00e9nique, propre et ne favorise pas la croissance de moisissures. La fibre de verre est l\u2019isolation la plus courante, mais elle pr\u00e9sente la plus faible valeur RSI (r\u00e9sistance thermique par pouce carr\u00e9).<\/p>\n\n\n\n<p>La cellulose est un produit en papier recycl\u00e9, combin\u00e9 \u00e0 de l\u2019acide borique. L\u2019acide borique agit comme retardateur de flamme et est \u00e9galement un r\u00e9pulsif tr\u00e8s efficace contre les parasites. Elle pr\u00e9sente une valeur RSI l\u00e9g\u00e8rement sup\u00e9rieure \u00e0 celle de la fibre de verre.<\/p>\n\n\n\n<p>La mousse souffl\u00e9e est un produit chimique appel\u00e9 isocyanate. Il s\u2019agit d\u2019un syst\u00e8me \u00e0 deux composants qui r\u00e9agit dans vos murs pour atteindre l\u2019\u00e9paisseur d\u00e9sir\u00e9e. Il existe de la mousse de 2 livres et de 1\/2 livre. La mousse de 2 livres fonctionne comme barri\u00e8re contre la vapeur et est plus dense. La mousse de 1\/2 livre est utilis\u00e9e dans des zones telles que les garages, ou dans des murs avec une barri\u00e8re contre la vapeur suppl\u00e9mentaire.<\/p>\n<\/div><\/div>\n\n\n\n<div data-schema-only=\"false\" class=\"wp-block-aioseo-faq\"><h3 class=\"aioseo-faq-block-question\"><strong><strong><strong>Puis-je avoir trop d\u2019isolation ?<\/strong><\/strong><\/strong><\/h3><div class=\"aioseo-faq-block-answer\">\n<p>Oui et non. Si vous remplissez compl\u00e8tement votre grenier, vous n\u2019aurez plus de circulation d\u2019air, ce qui pourrait entra\u00eener des probl\u00e8mes de pourriture. En revanche, si vous vivez dans des r\u00e9gions plus au nord, vos normes peuvent \u00eatre plus strictes que dans les zones centrales ou sud. Si vous avez suffisamment de circulation d\u2019air, vous pouvez tout \u00e0 fait ajouter de l\u2019isolation, surtout si vous avez besoin de plus de r\u00e9sistance thermique (valeur RSI).<\/p>\n<\/div><\/div>\n\n\n\n<div data-schema-only=\"false\" class=\"wp-block-aioseo-faq\"><h3 class=\"aioseo-faq-block-question\"><strong><strong><strong>Qu'est-ce que le radon ?<\/strong><\/strong><\/strong><\/h3><div class=\"aioseo-faq-block-answer\">\n<p>Le radon est un gaz radioactif d\u2019origine naturelle. Il est cr\u00e9\u00e9 par la d\u00e9sint\u00e9gration de l\u2019uranium pr\u00e9sent dans le sol, les roches et l\u2019eau. Le radon est un gaz inodore et incolore qui se d\u00e9place librement dans le sol. Cette facilit\u00e9 de mouvement permet au radon de s\u2019infiltrer dans les b\u00e2timents, notamment dans les sous-sols. Dans l\u2019air libre, la concentration de gaz radon se disperse et ne repr\u00e9sente pas de risque pour la sant\u00e9. Cependant, lorsque le radon est pr\u00e9sent dans un espace confin\u00e9, comme un sous-sol, des risques importants pour la sant\u00e9 peuvent appara\u00eetre, en fonction de la concentration. Selon Sant\u00e9 Canada, le radon est la deuxi\u00e8me cause de cancer du poumon. Un b\u00e2timent isol\u00e9 avec Boreal Nature Elite r\u00e9duit l\u2019infiltration de gaz radon \u00e0 des niveaux acceptables.<\/p>\n<\/div><\/div>\n\n\n\n<div data-schema-only=\"false\" class=\"wp-block-aioseo-faq\"><h3 class=\"aioseo-faq-block-question\"><strong>La mousse souffl\u00e9e est-elle une barri\u00e8re contre la vapeur \u00e0 elle seule ?<\/strong><\/h3><div class=\"aioseo-faq-block-answer\">\n<p>Tous les mat\u00e9riaux de mousse souffl\u00e9e ne sont pas des retardateurs de vapeur. Les produits \u00e0 cellules ouvertes ne fournissent pas les propri\u00e9t\u00e9s de perm\u00e9abilit\u00e9 \u00e0 la vapeur requises pour \u00eatre consid\u00e9r\u00e9s comme une barri\u00e8re contre la vapeur. Cependant, la mousse souffl\u00e9e \u00e0 cellules ferm\u00e9es Boreal Nature Elite est une barri\u00e8re contre la vapeur autonome. Avec une perm\u00e9abilit\u00e9 de 34 ng\/(Pasm2), Boreal Nature Elite respecte les exigences de barri\u00e8re contre la vapeur du Code national du b\u00e2timent.<\/p>\n<\/div><\/div>\n\n\n\n<div data-schema-only=\"false\" class=\"wp-block-aioseo-faq\"><h3 class=\"aioseo-faq-block-question\"><strong><strong><strong>Pourquoi choisir PC Insulation ?<\/strong><\/strong><\/strong><\/h3><div class=\"aioseo-faq-block-answer\">\n<ul class=\"wp-block-list\">\n<li>Plus de 50 ans d\u2019exp\u00e9rience<\/li>\n\n\n\n<li> Service \u00e0 la client\u00e8le exceptionnel<\/li>\n\n\n\n<li> Satisfaction client garantie<\/li>\n\n\n\n<li> Mat\u00e9riaux de qualit\u00e9 sup\u00e9rieure<\/li>\n\n\n\n<li> Service honn\u00eate et personnalis\u00e9<\/li>\n<\/ul>\n<\/div><\/div>\n\n\n\n<div data-schema-only=\"false\" class=\"wp-block-aioseo-faq\"><h3 class=\"aioseo-faq-block-question\"><strong><strong><strong><strong><strong><strong><strong>Quel est le processus ?<\/strong><\/strong><\/strong><\/strong><\/strong><\/strong><\/strong><\/h3><div class=\"aioseo-faq-block-answer\">\n<ol class=\"wp-block-list\">\n<li><p><strong>Consultation gratuite :<\/strong> Contactez-nous pour planifier une rencontre pour des mesures sur place ou une revue des plans de construction.<\/p><\/li>\n\n\n\n<li><strong>Estimation et planification :<\/strong> Nous vous remettons une estimation des co\u00fbts et clarifions les d\u00e9tails du projet pour assurer une vision partag\u00e9e.<\/li>\n\n\n\n<li><strong>Planification :<\/strong> Nous proposons des options de planification flexibles pour r\u00e9pondre \u00e0 vos besoins.<\/li>\n\n\n\n<li><strong>Satisfaction :<\/strong> Nous vous pr\u00e9sentons le produit fini, r\u00e9pondons \u00e0 toutes vos questions et nous assurons de la conformit\u00e9 aux inspections municipales si n\u00e9cessaire. Votre satisfaction est notre priorit\u00e9.<\/li>\n<\/ol>\n<\/div><\/div>\n","protected":false},"excerpt":{"rendered":"","protected":false},"author":2,"featured_media":794,"parent":0,"menu_order":0,"comment_status":"closed","ping_status":"closed","template":"","meta":{"_monsterinsights_skip_tracking":false,"_monsterinsights_sitenote_active":false,"_monsterinsights_sitenote_note":"","_monsterinsights_sitenote_category":0,"footnotes":""},"class_list":["post-834","page","type-page","status-publish","has-post-thumbnail","hentry"],"aioseo_notices":[],"_links":{"self":[{"href":"https:\/\/pcinsulation.com\/fr\/wp-json\/wp\/v2\/pages\/834","targetHints":{"allow":["GET"]}}],"collection":[{"href":"https:\/\/pcinsulation.com\/fr\/wp-json\/wp\/v2\/pages"}],"about":[{"href":"https:\/\/pcinsulation.com\/fr\/wp-json\/wp\/v2\/types\/page"}],"author":[{"embeddable":true,"href":"https:\/\/pcinsulation.com\/fr\/wp-json\/wp\/v2\/users\/2"}],"replies":[{"embeddable":true,"href":"https:\/\/pcinsulation.com\/fr\/wp-json\/wp\/v2\/comments?post=834"}],"version-history":[{"count":5,"href":"https:\/\/pcinsulation.com\/fr\/wp-json\/wp\/v2\/pages\/834\/revisions"}],"predecessor-version":[{"id":924,"href":"https:\/\/pcinsulation.com\/fr\/wp-json\/wp\/v2\/pages\/834\/revisions\/924"}],"wp:featuredmedia":[{"embeddable":true,"href":"https:\/\/pcinsulation.com\/fr\/wp-json\/wp\/v2\/media\/794"}],"wp:attachment":[{"href":"https:\/\/pcinsulation.com\/fr\/wp-json\/wp\/v2\/media?parent=834"}],"curies":[{"name":"wp","href":"https:\/\/api.w.org\/{rel}","templated":true}]}}