{"id":828,"date":"2021-08-17T17:55:32","date_gmt":"2021-08-17T21:55:32","guid":{"rendered":"https:\/\/pcinsulation.com\/vos-experts-dans-la-region-dottawa\/"},"modified":"2024-12-10T11:41:44","modified_gmt":"2024-12-10T16:41:44","slug":"vos-experts-dans-la-region-dottawa","status":"publish","type":"page","link":"https:\/\/pcinsulation.com\/fr\/","title":{"rendered":"Vos experts dans la r\u00e9gion d\u2019Ottawa"},"content":{"rendered":"\n<h3 class=\"wp-block-heading\"> Excellence reconnue<\/h3>\n\n\n\n<p>Fond\u00e9e par Paul Cuerrier et d\u00e9sormais dirig\u00e9e par son fils, Ga\u00e9tan Cuerrier, <strong>PC Insulation<\/strong> est fi\u00e8re de ses racines en tant qu\u2019entreprise familiale, perp\u00e9tuant un h\u00e9ritage de qualit\u00e9 et de service in\u00e9branlables.<\/p>\n\n\n\n<p>Chez <strong>PC Insulation<\/strong>, notre mission est claire : offrir un service in\u00e9gal\u00e9 et des solutions d\u2019isolation de premi\u00e8re qualit\u00e9, adapt\u00e9es aux besoins uniques de chaque client. Avec un engagement sans faille envers la satisfaction de notre client\u00e8le, nous conservons une note A+, veillant \u00e0 ce que chaque projet d\u00e9passe les attentes.<\/p>\n","protected":false},"excerpt":{"rendered":"<p>Depuis sa cr\u00e9ation en 1974, Paul Cuerrier Insulation (PC Insulation) s\u2019est impos\u00e9 comme un mod\u00e8le d\u2019excellence dans les services d\u2019isolation, servant fi\u00e8rement les constructeurs r\u00e9sidentiels et les propri\u00e9taires \u00e0 Ottawa et dans ses r\u00e9gions environnantes.<\/p>\n","protected":false},"author":2,"featured_media":800,"parent":0,"menu_order":0,"comment_status":"closed","ping_status":"closed","template":"","meta":{"_monsterinsights_skip_tracking":false,"_monsterinsights_sitenote_active":false,"_monsterinsights_sitenote_note":"","_monsterinsights_sitenote_category":0,"footnotes":""},"class_list":["post-828","page","type-page","status-publish","has-post-thumbnail","hentry"],"aioseo_notices":[],"_links":{"self":[{"href":"https:\/\/pcinsulation.com\/fr\/wp-json\/wp\/v2\/pages\/828","targetHints":{"allow":["GET"]}}],"collection":[{"href":"https:\/\/pcinsulation.com\/fr\/wp-json\/wp\/v2\/pages"}],"about":[{"href":"https:\/\/pcinsulation.com\/fr\/wp-json\/wp\/v2\/types\/page"}],"author":[{"embeddable":true,"href":"https:\/\/pcinsulation.com\/fr\/wp-json\/wp\/v2\/users\/2"}],"replies":[{"embeddable":true,"href":"https:\/\/pcinsulation.com\/fr\/wp-json\/wp\/v2\/comments?post=828"}],"version-history":[{"count":5,"href":"https:\/\/pcinsulation.com\/fr\/wp-json\/wp\/v2\/pages\/828\/revisions"}],"predecessor-version":[{"id":934,"href":"https:\/\/pcinsulation.com\/fr\/wp-json\/wp\/v2\/pages\/828\/revisions\/934"}],"wp:featuredmedia":[{"embeddable":true,"href":"https:\/\/pcinsulation.com\/fr\/wp-json\/wp\/v2\/media\/800"}],"wp:attachment":[{"href":"https:\/\/pcinsulation.com\/fr\/wp-json\/wp\/v2\/media?parent=828"}],"curies":[{"name":"wp","href":"https:\/\/api.w.org\/{rel}","templated":true}]}}